{"id":11,"date":"2014-12-03T03:28:52","date_gmt":"2014-12-03T02:28:52","guid":{"rendered":"http:\/\/areatlantfisk.se\/?page_id=11"},"modified":"2026-04-24T11:51:11","modified_gmt":"2026-04-24T09:51:11","slug":"butik","status":"publish","type":"page","link":"http:\/\/areatlantfisk.se\/?page_id=11","title":{"rendered":"Butik"},"content":{"rendered":"<p><strong>Butikens \u00f6ppettider\u00a0<\/strong><\/p>\n<p><strong>Torsdag &amp; Fredag 12 &#8211; 18 <span style=\"color: #ff0000;\">fred 1:a maj ST\u00c4NGT<\/span><\/strong><\/p>\n<p><strong>F\u00f6rbest\u00e4llningar mailas till<\/strong>\u00a0<a href=\"mailto:order@areatlantfisk.se\"><strong><span style=\"color: #3366ff;\">order@areatlantfisk.se<\/span><\/strong><\/a> <strong>senast torsdag kl 11.00<\/strong><\/p>\n<p>Menyn hittar ni p\u00e5 <a href=\"https:\/\/www.facebook.com\/areatlantfisk\">Facebook<\/a><\/p>\n<div dir=\"auto\" style=\"text-align: center;\">\n<div dir=\"auto\">\n<div dir=\"auto\">\n<h1 dir=\"auto\" style=\"text-align: center;\"><strong>V\u00e4lkomna!<\/strong><\/h1>\n<p style=\"text-align: left;\"><span style=\"color: initial; font-size: revert; font-weight: revert;\">Adress: Brattland 333<\/span><\/p>\n<\/div>\n<\/div>\n<\/div>\n<p><iframe loading=\"lazy\" style=\"border: 0;\" src=\"https:\/\/www.google.com\/maps\/embed?pb=!1m14!1m8!1m3!1d1790.7550469703397!2d13.218172799999998!3d63.331278700000006!3m2!1i1024!2i768!4f13.1!3m3!1m2!1s0x466e72c429c0a49f%3A0x738931e2078493b!2sBrattland+333%2C+830+10+Unders%C3%A5ker!5e0!3m2!1ssv!2sse!4v1417574557169\" width=\"400\" height=\"300\" frameborder=\"0\"><\/iframe><\/p>\n","protected":false},"excerpt":{"rendered":"<p>Butikens \u00f6ppettider\u00a0 Torsdag &amp; Fredag 12 &#8211; 18 fred 1:a maj ST\u00c4NGT F\u00f6rbest\u00e4llningar mailas till\u00a0order@areatlantfisk.se senast torsdag kl 11.00 Menyn hittar ni p\u00e5 Facebook V\u00e4lkomna! Adress: Brattland 333<\/p>\n","protected":false},"author":2,"featured_media":0,"parent":0,"menu_order":3,"comment_status":"open","ping_status":"closed","template":"","meta":[],"_links":{"self":[{"href":"http:\/\/areatlantfisk.se\/index.php?rest_route=\/wp\/v2\/pages\/11"}],"collection":[{"href":"http:\/\/areatlantfisk.se\/index.php?rest_route=\/wp\/v2\/pages"}],"about":[{"href":"http:\/\/areatlantfisk.se\/index.php?rest_route=\/wp\/v2\/types\/page"}],"author":[{"embeddable":true,"href":"http:\/\/areatlantfisk.se\/index.php?rest_route=\/wp\/v2\/users\/2"}],"replies":[{"embeddable":true,"href":"http:\/\/areatlantfisk.se\/index.php?rest_route=%2Fwp%2Fv2%2Fcomments&post=11"}],"version-history":[{"count":106,"href":"http:\/\/areatlantfisk.se\/index.php?rest_route=\/wp\/v2\/pages\/11\/revisions"}],"predecessor-version":[{"id":400,"href":"http:\/\/areatlantfisk.se\/index.php?rest_route=\/wp\/v2\/pages\/11\/revisions\/400"}],"wp:attachment":[{"href":"http:\/\/areatlantfisk.se\/index.php?rest_route=%2Fwp%2Fv2%2Fmedia&parent=11"}],"curies":[{"name":"wp","href":"https:\/\/api.w.org\/{rel}","templated":true}]}}